{"id":857,"date":"2021-06-10T09:56:30","date_gmt":"2021-06-10T07:56:30","guid":{"rendered":"https:\/\/www.jvp-grada-slatine.hr\/?page_id=857"},"modified":"2021-06-10T09:59:15","modified_gmt":"2021-06-10T07:59:15","slug":"kontakt-obrazac-na-temu-digitalne-pristupacnosti","status":"publish","type":"page","link":"https:\/\/www.jvp-grada-slatine.hr\/?page_id=857","title":{"rendered":"Kontakt obrazac na temu digitalne pristupa\u010dnosti"},"content":{"rendered":"\n<p>Sljede\u0107i kontakt obrazac slu\u017ei korisnicima da obavijeste JVP Slatinu o bilo kojoj neuskla\u0111enosti sa zahtjevima pristupa\u010dnosti ili da zatra\u017ee informacije o dijelovima sadr\u017eaja koji nisu pristupa\u010dni.<\/p>\n\n\n<div class=\"wpforms-container wpforms-container-full\" id=\"wpforms-856\"><form id=\"wpforms-form-856\" class=\"wpforms-validate wpforms-form\" data-formid=\"856\" method=\"post\" enctype=\"multipart\/form-data\" action=\"\/index.php?rest_route=%2Fwp%2Fv2%2Fpages%2F857\" data-token=\"bbf80041061c9f9c8b8fabeeec14b380\"><noscript class=\"wpforms-error-noscript\">Please enable JavaScript in your browser to complete this form.<\/noscript><div class=\"wpforms-field-container\"><div id=\"wpforms-856-field_0-container\" class=\"wpforms-field wpforms-field-name\" data-field-id=\"0\"><label class=\"wpforms-field-label\" for=\"wpforms-856-field_0\">Ime i prezime <span class=\"wpforms-required-label\">*<\/span><\/label><input type=\"text\" id=\"wpforms-856-field_0\" class=\"wpforms-field-medium wpforms-field-required\" name=\"wpforms[fields][0]\" required><\/div><div id=\"wpforms-856-field_1-container\" class=\"wpforms-field wpforms-field-email\" data-field-id=\"1\"><label class=\"wpforms-field-label\" for=\"wpforms-856-field_1\">Email <span class=\"wpforms-required-label\">*<\/span><\/label><input type=\"email\" id=\"wpforms-856-field_1\" class=\"wpforms-field-medium wpforms-field-required\" name=\"wpforms[fields][1]\" required><\/div><div id=\"wpforms-856-field_2-container\" class=\"wpforms-field wpforms-field-textarea\" data-field-id=\"2\"><label class=\"wpforms-field-label\" for=\"wpforms-856-field_2\">Poruka <span class=\"wpforms-required-label\">*<\/span><\/label><textarea id=\"wpforms-856-field_2\" class=\"wpforms-field-medium wpforms-field-required\" name=\"wpforms[fields][2]\" required><\/textarea><\/div><\/div><div class=\"wpforms-submit-container\" ><input type=\"hidden\" name=\"wpforms[id]\" value=\"856\"><input type=\"hidden\" name=\"wpforms[author]\" value=\"1\"><button type=\"submit\" name=\"wpforms[submit]\" class=\"wpforms-submit \" id=\"wpforms-submit-856\" value=\"wpforms-submit\" aria-live=\"assertive\" data-alt-text=\"Sending...\" data-submit-text=\"Po\u0161alji\">Po\u0161alji<\/button><\/div><\/form><\/div>  <!-- .wpforms-container -->","protected":false},"excerpt":{"rendered":"<p>Sljede\u0107i kontakt obrazac slu\u017ei korisnicima da obavijeste JVP Slatinu o bilo kojoj neuskla\u0111enosti sa zahtjevima pristupa\u010dnosti ili da zatra\u017ee informacije o dijelovima sadr\u017eaja koji nisu pristupa\u010dni.<\/p>\n","protected":false},"author":1,"featured_media":0,"parent":0,"menu_order":0,"comment_status":"closed","ping_status":"closed","template":"","meta":{"neve_meta_sidebar":"full-width","neve_meta_container":"","neve_meta_enable_content_width":"on","neve_meta_content_width":100,"neve_meta_title_alignment":"","neve_meta_author_avatar":"","neve_post_elements_order":"","neve_meta_disable_header":"","neve_meta_disable_footer":"","neve_meta_disable_title":"","_themeisle_gutenberg_block_has_review":false,"footnotes":""},"class_list":["post-857","page","type-page","status-publish","hentry"],"_links":{"self":[{"href":"https:\/\/www.jvp-grada-slatine.hr\/index.php?rest_route=\/wp\/v2\/pages\/857","targetHints":{"allow":["GET"]}}],"collection":[{"href":"https:\/\/www.jvp-grada-slatine.hr\/index.php?rest_route=\/wp\/v2\/pages"}],"about":[{"href":"https:\/\/www.jvp-grada-slatine.hr\/index.php?rest_route=\/wp\/v2\/types\/page"}],"author":[{"embeddable":true,"href":"https:\/\/www.jvp-grada-slatine.hr\/index.php?rest_route=\/wp\/v2\/users\/1"}],"replies":[{"embeddable":true,"href":"https:\/\/www.jvp-grada-slatine.hr\/index.php?rest_route=%2Fwp%2Fv2%2Fcomments&post=857"}],"version-history":[{"count":2,"href":"https:\/\/www.jvp-grada-slatine.hr\/index.php?rest_route=\/wp\/v2\/pages\/857\/revisions"}],"predecessor-version":[{"id":859,"href":"https:\/\/www.jvp-grada-slatine.hr\/index.php?rest_route=\/wp\/v2\/pages\/857\/revisions\/859"}],"wp:attachment":[{"href":"https:\/\/www.jvp-grada-slatine.hr\/index.php?rest_route=%2Fwp%2Fv2%2Fmedia&parent=857"}],"curies":[{"name":"wp","href":"https:\/\/api.w.org\/{rel}","templated":true}]}}