{"id":855,"date":"2021-06-10T10:03:23","date_gmt":"2021-06-10T08:03:23","guid":{"rendered":"https:\/\/www.jvp-grada-slatine.hr\/?page_id=855"},"modified":"2021-06-10T10:06:03","modified_gmt":"2021-06-10T08:06:03","slug":"izjava-o-digitalnoj-pristupacnosti","status":"publish","type":"page","link":"https:\/\/www.jvp-grada-slatine.hr\/?page_id=855","title":{"rendered":"Izjava o digitalnoj pristupa\u010dnosti"},"content":{"rendered":"\n<p>Javna vatrogasna postrojba grada Sletine obvezna je osigurati pristupa\u010dnost svoje mre\u017ene lokacije u skladu sa Zakonom o pristupa\u010dnosti mre\u017enih stranica i programskih rje\u0161enja za pokretne ure\u0111aje tijela javnog sektora Republike Hrvatske.<\/p>\n\n\n\n<p>Ova Izjava o digitalnoj pristupa\u010dnosti primjenjuje se na mre\u017enu lokaciju&nbsp;<a href=\"https:\/\/www.jvp-grada-slatine.hr\/\">https:\/\/www.jvp-grada-slatine.hr\/<\/a>.<\/p>\n\n\n\n<h2 class=\"wp-block-heading\">Status uskla\u0111enosti<\/h2>\n\n\n\n<p>Ova mre\u017ena lokacija je djelomi\u010dno uskla\u0111ena sa &nbsp;Zakonom o pristupa\u010dnosti mre\u017enih stranica i programskih rje\u0161enja za pokretne ure\u0111aje tijela javnog sektora zbog dolje navedenih iznimki.<\/p>\n\n\n\n<h2 class=\"wp-block-heading\">Nepristupa\u010dan sadr\u017eaj<\/h2>\n\n\n\n<p>Sadr\u017eaj naveden u nastavku je nepristupa\u010dan iz sljede\u0107eg(ih) razloga:<\/p>\n\n\n\n<ul class=\"wp-block-list\"><li>Neki dokumenti objavljeni su u obliku slika i\u00a0tako nisu uskla\u0111eni sa \u00a0Zakonom o pristupa\u010dnosti mre\u017enih stranica i programskih rje\u0161enja za pokretne ure\u0111aje tijela javnog sektora jer bi njihovo uskla\u0111ivanje predstavljalo nerazmjerno optere\u0107enje u smislu \u010dl. 8.\u00a0<a href=\"https:\/\/www.zakon.hr\/z\/1929\/Zakon-o-pristupa%C4%8Dnosti-mre%C5%BEnih-stranica-i-programskih-rje%C5%A1enja-za-pokretne-ure%C4%91aje-tijela-javnog-sektora\">Zakona o pristupa\u010dnosti<\/a>. Alternativu za taj sadr\u017eaj osobe s pote\u0161ko\u0107ama mogu zatra\u017eiti preko\u00a0<a href=\"https:\/\/www.jvp-grada-slatine.hr\/?page_id=857\" data-type=\"URL\" data-id=\"https:\/\/www.jvp-grada-slatine.hr\/?page_id=857\">kontakt obrasca<\/a>.<\/li><\/ul>\n\n\n\n<h2 class=\"wp-block-heading\">Priprema ove Izjave o digitalnoj pristupa\u010dnosti<\/h2>\n\n\n\n<p>Ova Izjava pripremljena je dana 10. lipnja 2021. godine. Za pripremu ove Izjave kori\u0161tena je metoda samoprocjene prema dokumentu&nbsp;<a href=\"https:\/\/www.carnet.hr\/wp-content\/uploads\/2019\/11\/Smjernice-digitalne-pristupac%CC%8Cnosti-ver.-1.1.pdf\">Smjernice za osiguranje digitalne pristupa\u010dnosti<\/a>.<\/p>\n\n\n\n<p>Ova izjava posljednji put je revidirana dana 10. lipnja 2021.<\/p>\n\n\n\n<h2 class=\"wp-block-heading\">Povratne informacije i podaci za kontakt<\/h2>\n\n\n\n<p>Javnu vatrogasnu postrojbu grada Slatine mo\u017eete obavijestiti o bilo kojoj neuskla\u0111enosti sa zahtjevima pristupa\u010dnosti ili mo\u017eete zatra\u017eiti informacije o dijelovima sadr\u017eaja koji nisu pristupa\u010dni na sljede\u0107em&nbsp;<a href=\"https:\/\/www.jvp-grada-slatine.hr\/?page_id=857\" data-type=\"URL\" data-id=\"https:\/\/www.jvp-grada-slatine.hr\/?page_id=857\">kontakt obrascu<\/a>.<\/p>\n\n\n\n<p>Dodatno mo\u017eete kontaktirati Javnu vatrogasnu postrojbu grada Slatine vezano uz digitalnu pristupa\u010dnost sadr\u017eaja ili obradu zahtjeva poslanih na gore navedeni kontakt obrazac na e-mail adresu&nbsp;<a href=\"mailto:turisticka@pitomaca.hr\">jvp.slatina193@gmail.com<\/a>.<\/p>\n\n\n\n<h2 class=\"wp-block-heading\">Inspekcijski nadzor<\/h2>\n\n\n\n<p>Nadzor nad provedbom Zakona o pristupa\u010dnosti mre\u017enih stranica i programskih rje\u0161enja za pokretne ure\u0111aje tijela javnog sektora (NN 17\/19) obavlja Povjerenik za informiranje Republike Hrvatske.<br>Inspekcijski nadzor nad provedbom Zakona o pristupa\u010dnosti mre\u017enih stranica i programskih rje\u0161enja za pokretne ure\u0111aje tijela javnog sektora (NN 17\/19) obavljaju inspektori i drugi ovla\u0161teni slu\u017ebenici Ureda povjerenika.<br>Na nadzor se primjenjuju odredbe Zakona o pravu na pristup informacijama (NN25\/13 i 85\/15).<\/p>\n\n\n\n<p>Kontakt:<\/p>\n\n\n\n<p>Povjerenik za informiranje<br>Juri\u0161i\u0107eva 19, 10000 Zagreb<\/p>\n\n\n\n<p>Tel: 01 4609 041<br>Fax: 01 4609 096<\/p>\n\n\n\n<p>E-mail:&nbsp;<a href=\"mailto:ppi@pristupinfo.hr\">ppi@pristupinfo.hr<\/a><br><a href=\"http:\/\/www.pristupinfo.hr\/\">www.pristupinfo.hr<\/a><\/p>\n","protected":false},"excerpt":{"rendered":"<p>Javna vatrogasna postrojba grada Sletine obvezna je osigurati pristupa\u010dnost svoje mre\u017ene lokacije u skladu sa Zakonom o pristupa\u010dnosti mre\u017enih stranica i programskih rje\u0161enja za pokretne ure\u0111aje tijela javnog sektora Republike Hrvatske. Ova Izjava o digitalnoj pristupa\u010dnosti primjenjuje se na mre\u017enu lokaciju&nbsp;https:\/\/www.jvp-grada-slatine.hr\/. Status uskla\u0111enosti Ova mre\u017ena lokacija je djelomi\u010dno uskla\u0111ena sa &nbsp;Zakonom o pristupa\u010dnosti mre\u017enih stranica&hellip;&nbsp;<a href=\"https:\/\/www.jvp-grada-slatine.hr\/?page_id=855\" rel=\"bookmark\">Read More &raquo;<span class=\"screen-reader-text\">Izjava o digitalnoj pristupa\u010dnosti<\/span><\/a><\/p>\n","protected":false},"author":1,"featured_media":0,"parent":0,"menu_order":0,"comment_status":"closed","ping_status":"closed","template":"","meta":{"neve_meta_sidebar":"full-width","neve_meta_container":"","neve_meta_enable_content_width":"on","neve_meta_content_width":100,"neve_meta_title_alignment":"","neve_meta_author_avatar":"","neve_post_elements_order":"","neve_meta_disable_header":"","neve_meta_disable_footer":"","neve_meta_disable_title":"","_themeisle_gutenberg_block_has_review":false,"footnotes":""},"class_list":["post-855","page","type-page","status-publish","hentry"],"_links":{"self":[{"href":"https:\/\/www.jvp-grada-slatine.hr\/index.php?rest_route=\/wp\/v2\/pages\/855","targetHints":{"allow":["GET"]}}],"collection":[{"href":"https:\/\/www.jvp-grada-slatine.hr\/index.php?rest_route=\/wp\/v2\/pages"}],"about":[{"href":"https:\/\/www.jvp-grada-slatine.hr\/index.php?rest_route=\/wp\/v2\/types\/page"}],"author":[{"embeddable":true,"href":"https:\/\/www.jvp-grada-slatine.hr\/index.php?rest_route=\/wp\/v2\/users\/1"}],"replies":[{"embeddable":true,"href":"https:\/\/www.jvp-grada-slatine.hr\/index.php?rest_route=%2Fwp%2Fv2%2Fcomments&post=855"}],"version-history":[{"count":2,"href":"https:\/\/www.jvp-grada-slatine.hr\/index.php?rest_route=\/wp\/v2\/pages\/855\/revisions"}],"predecessor-version":[{"id":862,"href":"https:\/\/www.jvp-grada-slatine.hr\/index.php?rest_route=\/wp\/v2\/pages\/855\/revisions\/862"}],"wp:attachment":[{"href":"https:\/\/www.jvp-grada-slatine.hr\/index.php?rest_route=%2Fwp%2Fv2%2Fmedia&parent=855"}],"curies":[{"name":"wp","href":"https:\/\/api.w.org\/{rel}","templated":true}]}}