{"id":5,"date":"2021-04-16T10:11:07","date_gmt":"2021-04-16T08:11:07","guid":{"rendered":"https:\/\/www.jvp-grada-slatine.hr\/?page_id=3"},"modified":"2026-01-27T11:36:00","modified_gmt":"2026-01-27T10:36:00","slug":"pravila-privatnosti","status":"publish","type":"page","link":"https:\/\/www.jvp-grada-slatine.hr\/?page_id=5","title":{"rendered":"Pristup informacijama"},"content":{"rendered":"\n<div id=\"wp-block-themeisle-blocks-advanced-columns-4e0d671d\" class=\"wp-block-themeisle-blocks-advanced-columns alignfull has-1-columns has-desktop-equal-layout has-tablet-equal-layout has-mobile-equal-layout has-vertical-center\"><div class=\"wp-block-themeisle-blocks-advanced-columns-overlay\"><\/div><div class=\"innerblocks-wrap\">\n<div id=\"wp-block-themeisle-blocks-advanced-column-d4d96d4a\" class=\"wp-block-themeisle-blocks-advanced-column\">\n<h1 id=\"wp-block-themeisle-blocks-advanced-heading-6297c131\" class=\"wp-block-themeisle-blocks-advanced-heading wp-block-themeisle-blocks-advanced-heading-6297c131\">Pristup informacijama<\/h1>\n<\/div>\n<\/div><\/div>\n\n\n\n<div style=\"height:39px\" aria-hidden=\"true\" class=\"wp-block-spacer\"><\/div>\n\n\n\n<p><\/p>\n\n\n\n<p><strong>2025. godina:<\/strong><\/p>\n\n\n\n<ul class=\"wp-block-list\">\n<li><a href=\"https:\/\/www.jvp-grada-slatine.hr\/wp-content\/uploads\/2026\/01\/Godisnje_izvjesce-3-1.pdf\">Izvje\u0161\u0107e o provedbi Zakona o pravu na pristup informacijama za 2025. godinu (pdf)<\/a><\/li>\n\n\n\n<li><a href=\"https:\/\/www.jvp-grada-slatine.hr\/wp-content\/uploads\/2026\/01\/izvjesce-5.csv\">Izvje\u0161\u0107e o provedbi Zakona o pravu na pristup informacijama za 2025. godinu (MS Excel.csv dokument)<\/a><\/li>\n<\/ul>\n\n\n\n<p><strong>2024. godina:<\/strong><\/p>\n\n\n\n<ul class=\"wp-block-list\">\n<li><a href=\"https:\/\/www.jvp-grada-slatine.hr\/wp-content\/uploads\/2025\/01\/Godisnje_izvjesce-2.pdf\">Izvje\u0161\u0107e o provedbi Zakona o pravu na pristup informacijama za 2024. godinu (pdf).<\/a><\/li>\n\n\n\n<li><a href=\"https:\/\/www.jvp-grada-slatine.hr\/wp-content\/uploads\/2025\/01\/izvjesce-4.csv\">Izvje\u0161\u0107e o provedbi Zakona o pravu na pristup informacijama za 2024. godinu (MS Excel.csv dokument).<\/a><\/li>\n<\/ul>\n\n\n\n<p><strong>2023. godina:<\/strong><\/p>\n\n\n\n<ul class=\"wp-block-list\">\n<li><a href=\"https:\/\/www.jvp-grada-slatine.hr\/wp-content\/uploads\/2024\/01\/Godisnje_izvjesce-2023-PDF.pdf\">Izvje\u0161\u0107e o provedbi Zakona o pravu na pristup informacijama za  2023. godinu (pdf).<\/a><\/li>\n\n\n\n<li><a href=\"https:\/\/www.jvp-grada-slatine.hr\/wp-content\/uploads\/2024\/01\/izvjesce-1-2023-CSV.csv\">Izvje\u0161\u0107e o provedbi Zakona o pravu na pristup informacijama za 2023. godinu (MS Excel.csv dokument).<\/a><\/li>\n\n\n\n<li><a href=\"https:\/\/www.jvp-grada-slatine.hr\/wp-content\/uploads\/2023\/07\/Upitnik-za-samoprocjenu-TJV-sukladno-ZPPI.xls\">Upitnik za samoprocjenu TJV sukladno ZPPI (MS Excel)<\/a><\/li>\n<\/ul>\n\n\n\n<p><strong>2022. godina:<\/strong><\/p>\n\n\n\n<ul class=\"wp-block-list\">\n<li><a href=\"https:\/\/www.jvp-grada-slatine.hr\/wp-content\/uploads\/2023\/07\/Godisnje_izvjesce.pdf\">Izvje\u0161\u0107e o provedbi Zakona o pravu na pristup informacijama za 2022. godinu (pdf).<\/a><\/li>\n\n\n\n<li><a href=\"https:\/\/www.jvp-grada-slatine.hr\/wp-content\/uploads\/2023\/07\/izvjesce.csv\">Izvje\u0161\u0107e o provedbi Zakona o pravu na pristup informacijama za 2022. godinu (MS Excel.csv dokument).<\/a><\/li>\n<\/ul>\n\n\n\n<p><\/p>\n\n\n\n<p><strong>2021. godina:<\/strong> <\/p>\n\n\n\n<ul class=\"wp-block-list\">\n<li><a href=\"https:\/\/www.jvp-grada-slatine.hr\/wp-content\/uploads\/2022\/01\/Godisnje_izvjesce.pdf2021.pdf\">Izvje\u0161\u0107e o provedbi Zakona o pravu na pristup informacijama za 2021. godinu (pdf)<\/a><\/li>\n\n\n\n<li><a href=\"https:\/\/www.jvp-grada-slatine.hr\/wp-content\/uploads\/2022\/01\/izvjesce.csv-2021.csv\">Izvje\u0161\u0107e o provedbi Zakona o pravu na pristup informacijama za 2021. godinu(MS Excel.csv dokument)<\/a><\/li>\n<\/ul>\n\n\n\n<p><strong>2020. godina:<\/strong><\/p>\n\n\n\n<ul class=\"wp-block-list\">\n<li><a href=\"https:\/\/www.jvp-grada-slatine.hr\/wp-content\/uploads\/2021\/05\/Godisnje_izvjesce-2020.pdf-povjerenik.pdf\">Izvje\u0161\u0107e o provedbi Zakona o pravu na pristup informacijama za 2020. godinu (.pdf)<\/a><\/li>\n\n\n\n<li><a href=\"https:\/\/www.jvp-grada-slatine.hr\/wp-content\/uploads\/2021\/05\/izvjesce-2020.csv\" data-type=\"URL\" data-id=\"https:\/\/www.jvp-grada-slatine.hr\/wp-content\/uploads\/2021\/05\/izvjesce-2020.csv\">Izvje\u0161\u0107e o provedbi Zakona o pravu na pristup informacijama za 2020. godinu (MS Excel .csv dokument)<\/a><\/li>\n<\/ul>\n\n\n\n<p><strong>2019. godina:<\/strong><\/p>\n\n\n\n<ul class=\"wp-block-list\">\n<li><a href=\"https:\/\/www.jvp-grada-slatine.hr\/wp-content\/uploads\/2021\/05\/Godisnje_izvjesce.pdf\" data-type=\"URL\" data-id=\"https:\/\/www.jvp-grada-slatine.hr\/wp-content\/uploads\/2021\/05\/Godisnje_izvjesce.pdf\">Izvje\u0161\u0107e o provedbi Zakona o pravu na pristup informacijama za 2019. godinu (.pdf)<\/a><\/li>\n\n\n\n<li><a href=\"https:\/\/www.jvp-grada-slatine.hr\/wp-content\/uploads\/2021\/05\/izvjesce.csv\" data-type=\"URL\" data-id=\"https:\/\/www.jvp-grada-slatine.hr\/wp-content\/uploads\/2021\/05\/izvjesce.csv\">Izvje\u0161\u0107e o provedbi Zakona o pravu na pristup informacijama za 2019. godinu (MS Excel .csv dokument)<\/a><\/li>\n\n\n\n<li><a href=\"https:\/\/www.jvp-grada-slatine.hr\/wp-content\/uploads\/2021\/05\/Ispravak-Kriterija-za-odredivanje-visine-naknade-stvarnih-materijalnih-tros\u030ckova-i-tros\u030ckova-dostave-informacije.pdf\" data-type=\"URL\" data-id=\"https:\/\/www.jvp-grada-slatine.hr\/wp-content\/uploads\/2021\/05\/Ispravak-Kriterija-za-odredivanje-visine-naknade-stvarnih-materijalnih-tros\u030ckova-i-tros\u030ckova-dostave-informacije.pdf\">Ispravak Kriterija za odre\u0111ivanje visine naknade stvarnih materijalnih tro\u0161kova i tro\u0161kova dostave informacije (.pdf)<\/a><\/li>\n\n\n\n<li><a href=\"https:\/\/www.jvp-grada-slatine.hr\/wp-content\/uploads\/2021\/05\/Kriteriji-za-odredivanje-visine-naknade-stvarnih-materijalnih-tros\u030ckova-i-tros\u030ckova-dostave-informacije.pdf\" data-type=\"URL\" data-id=\"https:\/\/www.jvp-grada-slatine.hr\/wp-content\/uploads\/2021\/05\/Kriteriji-za-odredivanje-visine-naknade-stvarnih-materijalnih-tros\u030ckova-i-tros\u030ckova-dostave-informacije.pdf\">Kriteriji za odre\u0111ivanje visine naknade stvarnih materijalnih tro\u0161kova i tro\u0161kova dostave informacije (.pdf)<\/a><\/li>\n\n\n\n<li><a href=\"https:\/\/www.jvp-grada-slatine.hr\/wp-content\/uploads\/2021\/05\/Obrazac3_Zahtjev-za-dopunu-ili-ispravak-informacije.doc\" data-type=\"URL\" data-id=\"https:\/\/www.jvp-grada-slatine.hr\/wp-content\/uploads\/2021\/05\/Obrazac3_Zahtjev-za-dopunu-ili-ispravak-informacije.doc\">Obrazac 3 \u2013 Zahtjev za dopunu ili ispravak informacije (.doc)<\/a><\/li>\n\n\n\n<li><a href=\"https:\/\/www.jvp-grada-slatine.hr\/wp-content\/uploads\/2021\/05\/Zahtjev_za_ponovnu_uporabu_informacija.pdf\" data-type=\"URL\" data-id=\"https:\/\/www.jvp-grada-slatine.hr\/wp-content\/uploads\/2021\/05\/Zahtjev_za_ponovnu_uporabu_informacija.pdf\">Zahtjev za ponovnu uporabu informacija (.pdf)<\/a><\/li>\n<\/ul>\n\n\n\n<hr class=\"wp-block-separator has-css-opacity\"\/>\n\n\n\n<ul class=\"wp-block-list\">\n<li><a href=\"https:\/\/www.jvp-grada-slatine.hr\/wp-content\/uploads\/2021\/05\/KATALOG-INFORMACIJA-JVP-SLATINA.pdf\" data-type=\"URL\" data-id=\"https:\/\/www.jvp-grada-slatine.hr\/wp-content\/uploads\/2021\/05\/KATALOG-INFORMACIJA-JVP-SLATINA.pdf\">KATALOG INFORMACIJA JVP SLATINA&nbsp;<\/a><\/li>\n\n\n\n<li><a href=\"https:\/\/www.jvp-grada-slatine.hr\/wp-content\/uploads\/2021\/05\/Zakon_o_pravu_na_pristup_informacijama.pdf\" data-type=\"URL\" data-id=\"https:\/\/www.jvp-grada-slatine.hr\/wp-content\/uploads\/2021\/05\/Zakon_o_pravu_na_pristup_informacijama.pdf\">ZAKON O PRAVU NA PRISTUP INFORMACIJAMA&nbsp;<\/a><\/li>\n\n\n\n<li><a href=\"https:\/\/www.jvp-grada-slatine.hr\/wp-content\/uploads\/2021\/05\/zakon_o_zastiti_osobnih-_podataka.pdf\" data-type=\"URL\" data-id=\"https:\/\/www.jvp-grada-slatine.hr\/wp-content\/uploads\/2021\/05\/zakon_o_zastiti_osobnih-_podataka.pdf\">ZAKON O ZA\u0160TITI OSOBNIH PODATAKA&nbsp;<\/a><\/li>\n\n\n\n<li><a href=\"https:\/\/www.jvp-grada-slatine.hr\/wp-content\/uploads\/2021\/05\/zahtjev-za-pristup-informacijama.docx\" data-type=\"URL\" data-id=\"https:\/\/www.jvp-grada-slatine.hr\/wp-content\/uploads\/2021\/05\/zahtjev-za-pristup-informacijama.docx\">ZAHTJEV ZA PRISTUP INFORMACIJAMA&nbsp;<\/a><\/li>\n\n\n\n<li><a href=\"https:\/\/www.jvp-grada-slatine.hr\/wp-content\/uploads\/2021\/05\/Godisnje_izvjesce.pdf-2016.pdf\" data-type=\"URL\" data-id=\"https:\/\/www.jvp-grada-slatine.hr\/wp-content\/uploads\/2021\/05\/Godisnje_izvjesce.pdf-2016.pdf\">Izvje\u0161\u0107e o provedbi Zakona o pravu na pristup informacijama za 2016. godinu&nbsp;<\/a><\/li>\n\n\n\n<li><a href=\"https:\/\/www.jvp-grada-slatine.hr\/wp-content\/uploads\/2021\/05\/izvjesce-1.csv\" data-type=\"URL\" data-id=\"https:\/\/www.jvp-grada-slatine.hr\/wp-content\/uploads\/2021\/05\/izvjesce-1.csv\">Izvje\u0161\u0107e o provedbi Zakona o pravu na pristup informacijama za 2016. godinu&nbsp;<\/a><\/li>\n\n\n\n<li><a href=\"https:\/\/www.jvp-grada-slatine.hr\/wp-content\/uploads\/2021\/05\/Godisnje_izvjesce.pdf-INFO-2017.pdf\" data-type=\"URL\" data-id=\"https:\/\/www.jvp-grada-slatine.hr\/wp-content\/uploads\/2021\/05\/Godisnje_izvjesce.pdf-INFO-2017.pdf\">Izvje\u0161\u0107e o provedbi Zakona o pravu na pristup informacijama za 2017. godinu&nbsp;<\/a><\/li>\n\n\n\n<li><a href=\"https:\/\/www.jvp-grada-slatine.hr\/wp-content\/uploads\/2021\/05\/izvjesce.csv-2017-INFO.csv\" data-type=\"URL\" data-id=\"https:\/\/www.jvp-grada-slatine.hr\/wp-content\/uploads\/2021\/05\/izvjesce.csv-2017-INFO.csv\">Izvje\u0161\u0107e o provedbi Zakona o pravu na pristup informacijama za 2017. godinu&nbsp;<\/a><\/li>\n\n\n\n<li><a href=\"https:\/\/www.jvp-grada-slatine.hr\/wp-content\/uploads\/2021\/05\/Godisnje_izvjesce.pdf-PRISTUP-INFORMACIJAMA-2018.pdf\" data-type=\"URL\" data-id=\"https:\/\/www.jvp-grada-slatine.hr\/wp-content\/uploads\/2021\/05\/Godisnje_izvjesce.pdf-PRISTUP-INFORMACIJAMA-2018.pdf\">Izvje\u0161\u0107e o provedbi Zakona o pravu na pristup informacijama za 2018. godinu&nbsp;<\/a><\/li>\n\n\n\n<li><a href=\"https:\/\/www.jvp-grada-slatine.hr\/wp-content\/uploads\/2021\/05\/izvjesce.csv-ZPPI-2018.csv\" data-type=\"URL\" data-id=\"https:\/\/www.jvp-grada-slatine.hr\/wp-content\/uploads\/2021\/05\/izvjesce.csv-ZPPI-2018.csv\">Izvje\u0161\u0107e o provedbi Zakona o pravu na pristup informacijama za 2018. godinu&nbsp;<\/a><\/li>\n<\/ul>\n\n\n\n<div style=\"height:100px\" aria-hidden=\"true\" class=\"wp-block-spacer\"><\/div>\n","protected":false},"excerpt":{"rendered":"<p>2025. godina: 2024. godina: 2023. godina: 2022. godina: 2021. godina: 2020. godina: 2019. godina:<\/p>\n","protected":false},"author":1,"featured_media":0,"parent":0,"menu_order":0,"comment_status":"closed","ping_status":"closed","template":"","meta":{"neve_meta_sidebar":"","neve_meta_container":"","neve_meta_enable_content_width":"","neve_meta_content_width":0,"neve_meta_title_alignment":"","neve_meta_author_avatar":"","neve_post_elements_order":"","neve_meta_disable_header":"","neve_meta_disable_footer":"","neve_meta_disable_title":"on","_themeisle_gutenberg_block_has_review":false,"footnotes":""},"class_list":["post-5","page","type-page","status-publish","hentry"],"_links":{"self":[{"href":"https:\/\/www.jvp-grada-slatine.hr\/index.php?rest_route=\/wp\/v2\/pages\/5","targetHints":{"allow":["GET"]}}],"collection":[{"href":"https:\/\/www.jvp-grada-slatine.hr\/index.php?rest_route=\/wp\/v2\/pages"}],"about":[{"href":"https:\/\/www.jvp-grada-slatine.hr\/index.php?rest_route=\/wp\/v2\/types\/page"}],"author":[{"embeddable":true,"href":"https:\/\/www.jvp-grada-slatine.hr\/index.php?rest_route=\/wp\/v2\/users\/1"}],"replies":[{"embeddable":true,"href":"https:\/\/www.jvp-grada-slatine.hr\/index.php?rest_route=%2Fwp%2Fv2%2Fcomments&post=5"}],"version-history":[{"count":21,"href":"https:\/\/www.jvp-grada-slatine.hr\/index.php?rest_route=\/wp\/v2\/pages\/5\/revisions"}],"predecessor-version":[{"id":1388,"href":"https:\/\/www.jvp-grada-slatine.hr\/index.php?rest_route=\/wp\/v2\/pages\/5\/revisions\/1388"}],"wp:attachment":[{"href":"https:\/\/www.jvp-grada-slatine.hr\/index.php?rest_route=%2Fwp%2Fv2%2Fmedia&parent=5"}],"curies":[{"name":"wp","href":"https:\/\/api.w.org\/{rel}","templated":true}]}}