{"id":436,"date":"2021-04-26T10:45:03","date_gmt":"2021-04-26T08:45:03","guid":{"rendered":"https:\/\/www.jvp-grada-slatine.hr\/?page_id=436"},"modified":"2025-11-17T11:29:02","modified_gmt":"2025-11-17T10:29:02","slug":"natjecaji","status":"publish","type":"page","link":"https:\/\/www.jvp-grada-slatine.hr\/?page_id=436","title":{"rendered":"Natje\u010daji"},"content":{"rendered":"\n<div id=\"wp-block-themeisle-blocks-advanced-columns-4e0d671d\" class=\"wp-block-themeisle-blocks-advanced-columns alignfull has-1-columns has-desktop-equal-layout has-tablet-equal-layout has-mobile-equal-layout has-vertical-center\"><div class=\"wp-block-themeisle-blocks-advanced-columns-overlay\"><\/div><div class=\"innerblocks-wrap\">\n<div id=\"wp-block-themeisle-blocks-advanced-column-d4d96d4a\" class=\"wp-block-themeisle-blocks-advanced-column\">\n<h1 id=\"wp-block-themeisle-blocks-advanced-heading-6297c131\" class=\"wp-block-themeisle-blocks-advanced-heading wp-block-themeisle-blocks-advanced-heading-6297c131\">Natje\u010daji<\/h1>\n<\/div>\n<\/div><\/div>\n\n\n\n<div style=\"height:50px\" aria-hidden=\"true\" class=\"wp-block-spacer\"><\/div>\n\n\n\n<h2 class=\"wp-block-heading\">Popis natje\u010daja<\/h2>\n\n\n\n<ul class=\"wp-block-list\">\n<li><a href=\"https:\/\/www.jvp-grada-slatine.hr\/wp-content\/uploads\/2021\/03\/JVP-SL-JAVNI-NATJECAJ-VATROGASCI-3.pdf\">Natje\u010daj za prijam u radni odnos na radno mjesto vatrogasac (10.3.2021.)<\/a><\/li>\n\n\n\n<li><a href=\"https:\/\/www.jvp-grada-slatine.hr\/wp-content\/uploads\/2019\/05\/ODLUKA-O-TESTIRANJU.pdf\">ODLUKA o provo\u0111enju pismenog testiranja te intervjua s kandidatima po natje\u010daju za zapo\u0161ljavanje na radno mjesto vatrogasca (6.5.2019.)<\/a><\/li>\n\n\n\n<li><a rel=\"noreferrer noopener\" href=\"https:\/\/www.jvp-grada-slatine.hr\/wp-content\/uploads\/2021\/12\/Natjecaj-za-prijam-u-radni-odnos-na-radno-mjesto-vatrogasac-01.12.2021..-1.pdf\" target=\"_blank\">Natje\u010daj za prijam u radni odnos na radno mjesto vatrogasac (01.12.2021.).<\/a><\/li>\n\n\n\n<li><a href=\"https:\/\/www.jvp-grada-slatine.hr\/wp-content\/uploads\/2023\/03\/Javni-natjecaj-za-izbor-i-imenovanje-zapovjednika-Javne-vatrogasne-postrojbe-Grada-Slatine-10.3.2023..pdf\">Javni natje\u010daj za izbor i imenovanje zapovjednika Javne vatrogasne postrojbe Grada Slatine 10.3.2023.<\/a><\/li>\n\n\n\n<li><a href=\"https:\/\/www.jvp-grada-slatine.hr\/wp-content\/uploads\/2023\/03\/Javni-natjecaj-za-izbor-i-imenovanje-zapovjednika-Javne-vatrogasne-postrojbe-Grada-Slatine-10.3.2023..docx\">Javni natje\u010daj za izbor i imenovanje zapovjednika Javne vatrogasne postrojbe Grada Slatine 10.3.2023.<\/a><\/li>\n\n\n\n<li><a href=\"https:\/\/www.jvp-grada-slatine.hr\/wp-content\/uploads\/2024\/01\/Natjecaj.docx\">Javni natje\u010daj za izbor i imenovanje zapovjednika Javne vatrogasne postrojbe Grada Slatine.docx(17.01.2024.)<\/a><\/li>\n\n\n\n<li><a href=\"https:\/\/www.jvp-grada-slatine.hr\/wp-content\/uploads\/2024\/01\/Natjecaj.pdf\">Javni natje\u010daj za izbor i imenovanje zapovjednika Javne vatrogasne postrojbe Grada Slatine.pdf(17.01.2024.)<\/a><\/li>\n\n\n\n<li><a href=\"https:\/\/www.jvp-grada-slatine.hr\/wp-content\/uploads\/2025\/02\/Natjecaj-za-prijam-u-radni-odnos-na-radno-mjesto-vatrogasac-11.2.2025.pdf\">Natje\u010daj za prijam u radni odnos na radno mjesto vatrogasac (11.2.2025.)<\/a><\/li>\n\n\n\n<li><a href=\"https:\/\/www.jvp-grada-slatine.hr\/wp-content\/uploads\/2025\/04\/Odluka-o-ponistenju-javnog-natjecaja-od-11.2.2025.pdf\">Odluka o poni\u0161tenju javnog natje\u010daja od 11.2.2025.<\/a><\/li>\n\n\n\n<li><a href=\"https:\/\/www.jvp-grada-slatine.hr\/wp-content\/uploads\/2025\/11\/Natjecaj.pdf\">Natje\u010daj za prijam u radni odnos na radno mjesto vatrogasac (17.11.2025.)<\/a><\/li>\n<\/ul>\n\n\n\n<div style=\"height:100px\" aria-hidden=\"true\" class=\"wp-block-spacer\"><\/div>\n","protected":false},"excerpt":{"rendered":"<p>Popis natje\u010daja<\/p>\n","protected":false},"author":1,"featured_media":0,"parent":0,"menu_order":0,"comment_status":"closed","ping_status":"closed","template":"","meta":{"neve_meta_sidebar":"full-width","neve_meta_container":"","neve_meta_enable_content_width":"on","neve_meta_content_width":100,"neve_meta_title_alignment":"","neve_meta_author_avatar":"","neve_post_elements_order":"","neve_meta_disable_header":"","neve_meta_disable_footer":"","neve_meta_disable_title":"on","_themeisle_gutenberg_block_has_review":false,"footnotes":""},"class_list":["post-436","page","type-page","status-publish","hentry"],"_links":{"self":[{"href":"https:\/\/www.jvp-grada-slatine.hr\/index.php?rest_route=\/wp\/v2\/pages\/436","targetHints":{"allow":["GET"]}}],"collection":[{"href":"https:\/\/www.jvp-grada-slatine.hr\/index.php?rest_route=\/wp\/v2\/pages"}],"about":[{"href":"https:\/\/www.jvp-grada-slatine.hr\/index.php?rest_route=\/wp\/v2\/types\/page"}],"author":[{"embeddable":true,"href":"https:\/\/www.jvp-grada-slatine.hr\/index.php?rest_route=\/wp\/v2\/users\/1"}],"replies":[{"embeddable":true,"href":"https:\/\/www.jvp-grada-slatine.hr\/index.php?rest_route=%2Fwp%2Fv2%2Fcomments&post=436"}],"version-history":[{"count":14,"href":"https:\/\/www.jvp-grada-slatine.hr\/index.php?rest_route=\/wp\/v2\/pages\/436\/revisions"}],"predecessor-version":[{"id":1357,"href":"https:\/\/www.jvp-grada-slatine.hr\/index.php?rest_route=\/wp\/v2\/pages\/436\/revisions\/1357"}],"wp:attachment":[{"href":"https:\/\/www.jvp-grada-slatine.hr\/index.php?rest_route=%2Fwp%2Fv2%2Fmedia&parent=436"}],"curies":[{"name":"wp","href":"https:\/\/api.w.org\/{rel}","templated":true}]}}