{"id":139,"date":"2020-02-17T09:21:08","date_gmt":"2020-02-17T08:21:08","guid":{"rendered":"https:\/\/demosites.io\/fitness-gb\/?page_id=139"},"modified":"2023-10-26T12:30:59","modified_gmt":"2023-10-26T10:30:59","slug":"o-nama","status":"publish","type":"page","link":"https:\/\/www.jvp-grada-slatine.hr\/?page_id=139","title":{"rendered":"O nama"},"content":{"rendered":"\n<div id=\"wp-block-themeisle-blocks-advanced-columns-4e0d671d\" class=\"wp-block-themeisle-blocks-advanced-columns alignfull has-1-columns has-desktop-equal-layout has-tablet-equal-layout has-mobile-equal-layout has-vertical-center\"><div class=\"wp-block-themeisle-blocks-advanced-columns-overlay\"><\/div><div class=\"innerblocks-wrap\">\n<div id=\"wp-block-themeisle-blocks-advanced-column-d4d96d4a\" class=\"wp-block-themeisle-blocks-advanced-column\">\n<h1 id=\"wp-block-themeisle-blocks-advanced-heading-6297c131\" class=\"wp-block-themeisle-blocks-advanced-heading wp-block-themeisle-blocks-advanced-heading-6297c131\">O nama<\/h1>\n<\/div>\n<\/div><\/div>\n\n\n\n<div id=\"wp-block-themeisle-blocks-advanced-columns-0273539a\" class=\"wp-block-themeisle-blocks-advanced-columns alignfull has-1-columns has-desktop-equal-layout has-tablet-equal-layout has-mobile-equal-layout has-vertical-unset\"><div class=\"wp-block-themeisle-blocks-advanced-columns-overlay\"><\/div><div class=\"innerblocks-wrap\">\n<div id=\"wp-block-themeisle-blocks-advanced-column-77cbf08c\" class=\"wp-block-themeisle-blocks-advanced-column\">\n<h2 id=\"wp-block-themeisle-blocks-advanced-heading-b89eeed3\" class=\"wp-block-themeisle-blocks-advanced-heading wp-block-themeisle-blocks-advanced-heading-b89eeed3\">Osnivanje<\/h2>\n\n\n\n<p class=\"has-text-align-center\">Zajedni\u010dka profesionalna vatrogasna jedinica osnovana je 1964. godine za podru\u010dje op\u0107ine Podravska Slatina, a 1994. godine prelazi u Ministarstvo unutarnjih poslova kao vatrogasna postrojba Ministarstva unutarnjih poslova.<\/p>\n\n\n\n<figure class=\"wp-block-image size-large\"><img loading=\"lazy\" decoding=\"async\" width=\"1024\" height=\"640\" src=\"https:\/\/www.jvp-grada-slatine.hr\/wp-content\/uploads\/2021\/04\/O-nama-1-1024x640.jpeg\" alt=\"\" class=\"wp-image-497\" srcset=\"https:\/\/www.jvp-grada-slatine.hr\/wp-content\/uploads\/2021\/04\/O-nama-1-1024x640.jpeg 1024w, https:\/\/www.jvp-grada-slatine.hr\/wp-content\/uploads\/2021\/04\/O-nama-1-300x188.jpeg 300w, https:\/\/www.jvp-grada-slatine.hr\/wp-content\/uploads\/2021\/04\/O-nama-1-768x480.jpeg 768w, https:\/\/www.jvp-grada-slatine.hr\/wp-content\/uploads\/2021\/04\/O-nama-1.jpeg 1080w\" sizes=\"auto, (max-width: 1024px) 100vw, 1024px\" \/><\/figure>\n<\/div>\n<\/div><\/div>\n\n\n\n<div id=\"wp-block-themeisle-blocks-advanced-columns-5be898d6\" class=\"wp-block-themeisle-blocks-advanced-columns alignfull has-1-columns has-desktop-equal-layout has-tablet-equal-layout has-mobile-equal-layout has-vertical-center has-light-bg\"><div class=\"wp-block-themeisle-blocks-advanced-columns-overlay\"><\/div><div class=\"innerblocks-wrap\">\n<div id=\"wp-block-themeisle-blocks-advanced-column-2082b1bd\" class=\"wp-block-themeisle-blocks-advanced-column\">\n<h2 id=\"wp-block-themeisle-blocks-advanced-heading-4bfa85ff\" class=\"wp-block-themeisle-blocks-advanced-heading wp-block-themeisle-blocks-advanced-heading-4bfa85ff\">Javne vatrogasne postrojbe Grada Slatine<\/h2>\n\n\n\n<p>Temeljem Zakona o vatrogastvu iz 1999. godine, Gradsko poglavarstvo grada Slatine 21. prosinca 1999. godine donijelo je Odluku o osnivanju Javne vatrogasne postrojbe Grada Slatine. Javna vatrogasna postrojba Grada Slatine je javna ustanova jedinice lokalne samouprave koja u okviru svoje djelatnosti skrbi o potrebama i interesima gra\u0111ana na svom podru\u010dju za organiziranjem i djelovanjem u\u010dinkovite vatrogasne slu\u017ebe. Jednako tako pored ga\u0161enja po\u017eara i spa\u0161avanja ljudi i imovine ugro\u017eenih po\u017earom, pod vatrogasnom djelatno\u0161\u0107u podrazumijeva se i pru\u017eanje tehni\u010dke pomo\u0107i u nezgodama i opasnim situacijama te obavljanje i drugih poslova u nesre\u0107ama te ekolo\u0161kim i inim doga\u0111ajima kao \u0161to je pretovar opasnih tvari iz jednog prijevoznog sredstva u drugo, neutralizacija djelovanja opasnih tvari prilikom nesre\u0107a, crpljenje vode iz ni\u017ee potopljenih razina prilikom poplava, prijevoz vode usred elementarnih nepogoda te drugih sli\u010dnih slu\u010dajeva. <\/p>\n\n\n\n<p>Javna vatrogasna postrojba Grada Slatine ima uposleno 19 djelatnika. Javna vatrogasna postrojba grada Slatine u postoje\u0107oj formaciji djeluje po broju vatrogasaca kao vatrogasna ispostava \u2013 VRSTA 2 s jednim voza\u010dem u smjeni, a broji ukupno 17 profesionalnih vatrogasaca, uklju\u010duju\u0107i  zapovjednika postrojbe.<\/p>\n<\/div>\n<\/div><\/div>\n\n\n\n<h2 id=\"wp-block-themeisle-blocks-advanced-heading-8898d3a4\" class=\"wp-block-themeisle-blocks-advanced-heading wp-block-themeisle-blocks-advanced-heading-8898d3a4\">Ukratko<\/h2>\n\n\n\n<div id=\"wp-block-themeisle-blocks-advanced-columns-fbdc066e\" class=\"wp-block-themeisle-blocks-advanced-columns alignfull has-3-columns has-desktop-equal-layout has-tablet-equal-layout has-mobile-collapsedRows-layout has-vertical-unset\"><div class=\"wp-block-themeisle-blocks-advanced-columns-overlay\"><\/div><div class=\"innerblocks-wrap\">\n<div id=\"wp-block-themeisle-blocks-advanced-column-2efe9b88\" class=\"wp-block-themeisle-blocks-advanced-column\">\n<div class=\"wp-block-themeisle-blocks-service\">\n<div id=\"wp-block-themeisle-blocks-font-awesome-icons-c713fbe6\" class=\"wp-block-themeisle-blocks-font-awesome-icons\"><span class=\"wp-block-themeisle-blocks-font-awesome-icons-container\"><i class=\"far fa-check-circle\"><\/i><\/span><\/div>\n\n\n\n<h4 id=\"wp-block-themeisle-blocks-advanced-heading-e39f9498\" class=\"wp-block-themeisle-blocks-advanced-heading wp-block-themeisle-blocks-advanced-heading-e39f9498\">20 djelatnika<\/h4>\n<\/div>\n<\/div>\n\n\n\n<div id=\"wp-block-themeisle-blocks-advanced-column-2bce45cc\" class=\"wp-block-themeisle-blocks-advanced-column\">\n<div id=\"wp-block-themeisle-blocks-font-awesome-icons-9bd6f2c2\" class=\"wp-block-themeisle-blocks-font-awesome-icons\"><span class=\"wp-block-themeisle-blocks-font-awesome-icons-container\"><i class=\"far fa-check-circle\"><\/i><\/span><\/div>\n\n\n\n<h4 id=\"wp-block-themeisle-blocks-advanced-heading-971714da\" class=\"wp-block-themeisle-blocks-advanced-heading wp-block-themeisle-blocks-advanced-heading-971714da\">10 vozila<\/h4>\n<\/div>\n\n\n\n<div id=\"wp-block-themeisle-blocks-advanced-column-9c2dcfff\" class=\"wp-block-themeisle-blocks-advanced-column\">\n<div id=\"wp-block-themeisle-blocks-font-awesome-icons-b3829df8\" class=\"wp-block-themeisle-blocks-font-awesome-icons\"><span class=\"wp-block-themeisle-blocks-font-awesome-icons-container\"><i class=\"far fa-check-circle\"><\/i><\/span><\/div>\n\n\n\n<h4 id=\"wp-block-themeisle-blocks-advanced-heading-50629f61\" class=\"wp-block-themeisle-blocks-advanced-heading wp-block-themeisle-blocks-advanced-heading-50629f61\">osnovana 1964.<\/h4>\n<\/div>\n<\/div><\/div>\n\n\n\n<div id=\"wp-block-themeisle-blocks-advanced-columns-185b00a5\" class=\"wp-block-themeisle-blocks-advanced-columns alignfull has-2-columns has-desktop-equal-layout has-tablet-equal-layout has-mobile-collapsedRows-layout has-vertical-unset\"><div class=\"wp-block-themeisle-blocks-advanced-columns-overlay\"><\/div><div class=\"innerblocks-wrap\">\n<div id=\"wp-block-themeisle-blocks-advanced-column-edeeb31f\" class=\"wp-block-themeisle-blocks-advanced-column\">\n<div class=\"wp-block-themeisle-blocks-service\">\n<div id=\"wp-block-themeisle-blocks-font-awesome-icons-dac1c7e8\" class=\"wp-block-themeisle-blocks-font-awesome-icons\"><span class=\"wp-block-themeisle-blocks-font-awesome-icons-container\"><i class=\"far fa-check-circle\"><\/i><\/span><\/div>\n\n\n\n<h4 id=\"wp-block-themeisle-blocks-advanced-heading-63e7ad1e\" class=\"wp-block-themeisle-blocks-advanced-heading wp-block-themeisle-blocks-advanced-heading-63e7ad1e\">1994.<\/h4>\n\n\n\n<p id=\"wp-block-themeisle-blocks-advanced-heading-028858e3\" class=\"wp-block-themeisle-blocks-advanced-heading wp-block-themeisle-blocks-advanced-heading-028858e3\">prelaz u Ministarstvo unutarnjih poslova kao vatrogasna postrojba<\/p>\n<\/div>\n<\/div>\n\n\n\n<div id=\"wp-block-themeisle-blocks-advanced-column-6211c18d\" class=\"wp-block-themeisle-blocks-advanced-column\">\n<div id=\"wp-block-themeisle-blocks-font-awesome-icons-63eef3e4\" class=\"wp-block-themeisle-blocks-font-awesome-icons\"><span class=\"wp-block-themeisle-blocks-font-awesome-icons-container\"><i class=\"far fa-check-circle\"><\/i><\/span><\/div>\n\n\n\n<h4 id=\"wp-block-themeisle-blocks-advanced-heading-38b49cce\" class=\"wp-block-themeisle-blocks-advanced-heading wp-block-themeisle-blocks-advanced-heading-38b49cce\">1999.<\/h4>\n\n\n\n<p id=\"wp-block-themeisle-blocks-advanced-heading-91a0c969\" class=\"wp-block-themeisle-blocks-advanced-heading wp-block-themeisle-blocks-advanced-heading-91a0c969\">Odlukom Grada Slatine postaje Javna vatrogasna postrojba<\/p>\n<\/div>\n<\/div><\/div>\n\n\n\n<div style=\"height:100px\" aria-hidden=\"true\" class=\"wp-block-spacer\"><\/div>\n","protected":false},"excerpt":{"rendered":"","protected":false},"author":1,"featured_media":0,"parent":0,"menu_order":0,"comment_status":"closed","ping_status":"closed","template":"page-templates\/template-pagebuilder-full-width.php","meta":{"neve_meta_sidebar":"full-width","neve_meta_container":"","neve_meta_enable_content_width":"on","neve_meta_content_width":100,"neve_meta_title_alignment":"","neve_meta_author_avatar":"","neve_post_elements_order":"","neve_meta_disable_header":"","neve_meta_disable_footer":"","neve_meta_disable_title":"on","_themeisle_gutenberg_block_has_review":false,"footnotes":""},"class_list":["post-139","page","type-page","status-publish","hentry"],"_links":{"self":[{"href":"https:\/\/www.jvp-grada-slatine.hr\/index.php?rest_route=\/wp\/v2\/pages\/139","targetHints":{"allow":["GET"]}}],"collection":[{"href":"https:\/\/www.jvp-grada-slatine.hr\/index.php?rest_route=\/wp\/v2\/pages"}],"about":[{"href":"https:\/\/www.jvp-grada-slatine.hr\/index.php?rest_route=\/wp\/v2\/types\/page"}],"author":[{"embeddable":true,"href":"https:\/\/www.jvp-grada-slatine.hr\/index.php?rest_route=\/wp\/v2\/users\/1"}],"replies":[{"embeddable":true,"href":"https:\/\/www.jvp-grada-slatine.hr\/index.php?rest_route=%2Fwp%2Fv2%2Fcomments&post=139"}],"version-history":[{"count":17,"href":"https:\/\/www.jvp-grada-slatine.hr\/index.php?rest_route=\/wp\/v2\/pages\/139\/revisions"}],"predecessor-version":[{"id":1158,"href":"https:\/\/www.jvp-grada-slatine.hr\/index.php?rest_route=\/wp\/v2\/pages\/139\/revisions\/1158"}],"wp:attachment":[{"href":"https:\/\/www.jvp-grada-slatine.hr\/index.php?rest_route=%2Fwp%2Fv2%2Fmedia&parent=139"}],"curies":[{"name":"wp","href":"https:\/\/api.w.org\/{rel}","templated":true}]}}