{"id":129,"date":"2020-02-14T10:59:11","date_gmt":"2020-02-14T09:59:11","guid":{"rendered":"https:\/\/demosites.io\/fitness-gb\/?page_id=129"},"modified":"2023-10-26T12:22:17","modified_gmt":"2023-10-26T10:22:17","slug":"a5213-home","status":"publish","type":"page","link":"https:\/\/www.jvp-grada-slatine.hr\/","title":{"rendered":"Naslovna"},"content":{"rendered":"\n<div id=\"wp-block-themeisle-blocks-advanced-columns-e1ca32e1\" class=\"wp-block-themeisle-blocks-advanced-columns alignfull has-1-columns has-desktop-equal-layout hide-in-tablet hide-in-mobile has-vertical-unset gumb-home\"><div class=\"wp-block-themeisle-blocks-advanced-columns-overlay\"><\/div><div class=\"innerblocks-wrap\">\n<div id=\"wp-block-themeisle-blocks-advanced-column-65b5ef21\" class=\"wp-block-themeisle-blocks-advanced-column\">\n<h1 id=\"wp-block-themeisle-blocks-advanced-heading-bb0c2df7\" class=\"wp-block-themeisle-blocks-advanced-heading wp-block-themeisle-blocks-advanced-heading-bb0c2df7\">Javna vatrogasna postrojba grada Slatine<\/h1>\n\n\n\n<div style=\"height:70px\" aria-hidden=\"true\" class=\"wp-block-spacer\"><\/div>\n\n\n\n<div class=\"wp-block-buttons is-horizontal is-content-justification-center is-layout-flex wp-container-core-buttons-is-layout-499968f5 wp-block-buttons-is-layout-flex\">\n<div class=\"wp-block-button has-custom-width wp-block-button__width-25 is-style-secondary ticss-2b398499\"><a class=\"wp-block-button__link wp-element-button\" href=\"https:\/\/www.jvp-grada-slatine.hr\/?page_id=139\">O nama<\/a><\/div>\n\n\n\n<div class=\"wp-block-button has-custom-width wp-block-button__width-25 is-style-secondary ticss-7c39e012\"><a class=\"wp-block-button__link wp-element-button\" href=\"https:\/\/www.jvp-grada-slatine.hr\/?page_id=146\">Kontakt<\/a><\/div>\n<\/div>\n<\/div>\n<\/div><\/div>\n\n\n\n<div id=\"wp-block-themeisle-blocks-advanced-columns-a6359596\" class=\"wp-block-themeisle-blocks-advanced-columns alignfull has-1-columns has-tablet-equal-layout has-mobile-equal-layout hide-in-desktop has-vertical-unset gumb-home\"><div class=\"wp-block-themeisle-blocks-advanced-columns-overlay\"><\/div><div class=\"innerblocks-wrap\">\n<div id=\"wp-block-themeisle-blocks-advanced-column-7561ac94\" class=\"wp-block-themeisle-blocks-advanced-column\">\n<div style=\"height:40px\" aria-hidden=\"true\" class=\"wp-block-spacer\"><\/div>\n\n\n\n<h1 id=\"wp-block-themeisle-blocks-advanced-heading-2715c7a2\" class=\"wp-block-themeisle-blocks-advanced-heading wp-block-themeisle-blocks-advanced-heading-2715c7a2\">Javna vatrogasna postrojba grada Slatine<\/h1>\n<\/div>\n<\/div><\/div>\n\n\n\n<section id=\"wp-block-themeisle-blocks-advanced-columns-9d44aec9\" class=\"wp-block-themeisle-blocks-advanced-columns alignfull has-1-columns has-desktop-equal-layout has-tablet-equal-layout has-mobile-equal-layout has-vertical-flex-start\"><div class=\"wp-block-themeisle-blocks-advanced-columns-overlay\"><\/div><div class=\"innerblocks-wrap\">\n<div id=\"wp-block-themeisle-blocks-advanced-column-e2d066c2\" class=\"wp-block-themeisle-blocks-advanced-column\">\n<section id=\"wp-block-themeisle-blocks-advanced-columns-455add3f\" class=\"wp-block-themeisle-blocks-advanced-columns has-1-columns has-desktop-equal-layout has-tablet-equal-layout has-mobile-equal-layout has-vertical-flex-start\"><div class=\"wp-block-themeisle-blocks-advanced-columns-overlay\"><\/div><div class=\"innerblocks-wrap\">\n<div id=\"wp-block-themeisle-blocks-advanced-column-bcb07280\" class=\"wp-block-themeisle-blocks-advanced-column\">\n<h2 id=\"wp-block-themeisle-blocks-advanced-heading-1973f2d4\" class=\"wp-block-themeisle-blocks-advanced-heading wp-block-themeisle-blocks-advanced-heading-1973f2d4\">Vijesti<\/h2>\n\n\n\n<div style=\"height:20px\" aria-hidden=\"true\" class=\"wp-block-spacer\"><\/div>\n\n\n<div class=\"wp-block-themeisle-blocks-posts-grid\" id=\"wp-block-themeisle-blocks-posts-grid-ca832422\"><div class=\"is-grid o-posts-grid-columns-4\"><div class=\"o-posts-grid-post-blog o-posts-grid-post-plain\"><div class=\"o-posts-grid-post\"><div class=\"o-posts-grid-post-image\"><a href=\"https:\/\/www.jvp-grada-slatine.hr\/?p=1226\"><img loading=\"lazy\" decoding=\"async\" width=\"652\" height=\"435\" src=\"https:\/\/www.jvp-grada-slatine.hr\/wp-content\/uploads\/2024\/05\/671110.jpg\" class=\"attachment-full size-full\" alt=\"Polaznici DV-a Zeko sa slatinskim vatrogascima\" srcset=\"https:\/\/www.jvp-grada-slatine.hr\/wp-content\/uploads\/2024\/05\/671110.jpg 652w, https:\/\/www.jvp-grada-slatine.hr\/wp-content\/uploads\/2024\/05\/671110-300x200.jpg 300w\" sizes=\"(max-width: 652px) 100vw, 652px\" \/><\/a><\/div><div class=\"o-posts-grid-post-body\"><span class=\"o-posts-grid-post-category\"><a href=\"https:\/\/www.jvp-grada-slatine.hr\/?cat=1\">Nekategorizirano<\/a><\/span><h4 class=\"o-posts-grid-post-title\"><a href=\"https:\/\/www.jvp-grada-slatine.hr\/?p=1226\">Polaznici DV-a Zeko sa slatinskim vatrogascima<\/a><\/h4><p class=\"o-posts-grid-post-meta\">Posted on <time datetime=\"2024-05-02T12:00:00+02:00\">2. svibnja 2024.<\/time> by <a href=\"https:\/\/www.jvp-grada-slatine.hr\/?author=1\">jvp_slatina<\/a><\/p><div class=\"o-posts-grid-post-description\"><p>Obilje\u017eavaju\u0107i svetkovinu sv. Florijana, nebeskog za\u0161titnika vatrogasaca, polaznici Dje\u010djeg vrti\u0107a Z\u2026<\/p><\/div><\/div><\/div><\/div><div class=\"o-posts-grid-post-blog o-posts-grid-post-plain\"><div class=\"o-posts-grid-post\"><div class=\"o-posts-grid-post-image\"><a href=\"https:\/\/www.jvp-grada-slatine.hr\/?p=1137\"><img loading=\"lazy\" decoding=\"async\" width=\"1024\" height=\"576\" src=\"https:\/\/www.jvp-grada-slatine.hr\/wp-content\/uploads\/2023\/09\/IMG-20230830-WA0009_1024x576.jpg\" class=\"attachment-full size-full\" alt=\"Vatrogasci JVP Grada Slatine odali po\u010dast stradalim kolegama\" srcset=\"https:\/\/www.jvp-grada-slatine.hr\/wp-content\/uploads\/2023\/09\/IMG-20230830-WA0009_1024x576.jpg 1024w, https:\/\/www.jvp-grada-slatine.hr\/wp-content\/uploads\/2023\/09\/IMG-20230830-WA0009_1024x576-300x169.jpg 300w, https:\/\/www.jvp-grada-slatine.hr\/wp-content\/uploads\/2023\/09\/IMG-20230830-WA0009_1024x576-768x432.jpg 768w\" sizes=\"(max-width: 1024px) 100vw, 1024px\" \/><\/a><\/div><div class=\"o-posts-grid-post-body\"><span class=\"o-posts-grid-post-category\"><a href=\"https:\/\/www.jvp-grada-slatine.hr\/?cat=1\">Nekategorizirano<\/a><\/span><h4 class=\"o-posts-grid-post-title\"><a href=\"https:\/\/www.jvp-grada-slatine.hr\/?p=1137\">Vatrogasci JVP Grada Slatine odali po\u010dast stradalim kolegama<\/a><\/h4><p class=\"o-posts-grid-post-meta\">Posted on <time datetime=\"2023-09-04T09:13:51+02:00\">4. rujna 2023.<\/time> by <a href=\"https:\/\/www.jvp-grada-slatine.hr\/?author=1\">jvp_slatina<\/a><\/p><div class=\"o-posts-grid-post-description\"><p>Vatrogasci JVP Grada Slatine su ju\u010der,30. kolovoza, u 15,25 sati upalili svije\u0107u i sirene na vatroga\u2026<\/p><\/div><\/div><\/div><\/div><div class=\"o-posts-grid-post-blog o-posts-grid-post-plain\"><div class=\"o-posts-grid-post\"><div class=\"o-posts-grid-post-image\"><a href=\"https:\/\/www.jvp-grada-slatine.hr\/?p=1114\"><img loading=\"lazy\" decoding=\"async\" width=\"1024\" height=\"640\" src=\"https:\/\/www.jvp-grada-slatine.hr\/wp-content\/uploads\/2023\/05\/O-nama-1-1024x640-1.jpeg\" class=\"attachment-full size-full\" alt=\"JVP Grada Slatine odobrena bespovratna sredstva iz Fonda solidarnosti Europske unije\" srcset=\"https:\/\/www.jvp-grada-slatine.hr\/wp-content\/uploads\/2023\/05\/O-nama-1-1024x640-1.jpeg 1024w, https:\/\/www.jvp-grada-slatine.hr\/wp-content\/uploads\/2023\/05\/O-nama-1-1024x640-1-300x188.jpeg 300w, https:\/\/www.jvp-grada-slatine.hr\/wp-content\/uploads\/2023\/05\/O-nama-1-1024x640-1-768x480.jpeg 768w\" sizes=\"(max-width: 1024px) 100vw, 1024px\" \/><\/a><\/div><div class=\"o-posts-grid-post-body\"><span class=\"o-posts-grid-post-category\"><a href=\"https:\/\/www.jvp-grada-slatine.hr\/?cat=1\">Nekategorizirano<\/a><\/span><h4 class=\"o-posts-grid-post-title\"><a href=\"https:\/\/www.jvp-grada-slatine.hr\/?p=1114\">JVP Grada Slatine odobrena bespovratna sredstva iz Fonda solidarnosti Europske unije<\/a><\/h4><p class=\"o-posts-grid-post-meta\">Posted on <time datetime=\"2023-05-25T10:19:57+02:00\">25. svibnja 2023.<\/time> by <a href=\"https:\/\/www.jvp-grada-slatine.hr\/?author=1\">jvp_slatina<\/a><\/p><div class=\"o-posts-grid-post-description\"><p>Temeljem Poziva na Jednostavnu izravnu dodjelu bespovratnih sredstava Fonda solidarnosti Europske un\u2026<\/p><\/div><\/div><\/div><\/div><div class=\"o-posts-grid-post-blog o-posts-grid-post-plain\"><div class=\"o-posts-grid-post\"><div class=\"o-posts-grid-post-image\"><a href=\"https:\/\/www.jvp-grada-slatine.hr\/?p=1103\"><img loading=\"lazy\" decoding=\"async\" width=\"620\" height=\"330\" src=\"https:\/\/www.jvp-grada-slatine.hr\/wp-content\/uploads\/2023\/05\/naslovna-10.jpg\" class=\"attachment-full size-full\" alt=\"Vatrogasna zajednica Grada Slatine sa svojim DVD-ima obilje\u017eila Dan vatrogasaca i blagdan svog za\u0161titnika, sv. Florijana\" srcset=\"https:\/\/www.jvp-grada-slatine.hr\/wp-content\/uploads\/2023\/05\/naslovna-10.jpg 620w, https:\/\/www.jvp-grada-slatine.hr\/wp-content\/uploads\/2023\/05\/naslovna-10-300x160.jpg 300w\" sizes=\"(max-width: 620px) 100vw, 620px\" \/><\/a><\/div><div class=\"o-posts-grid-post-body\"><span class=\"o-posts-grid-post-category\"><a href=\"https:\/\/www.jvp-grada-slatine.hr\/?cat=1\">Nekategorizirano<\/a><\/span><h4 class=\"o-posts-grid-post-title\"><a href=\"https:\/\/www.jvp-grada-slatine.hr\/?p=1103\">Vatrogasna zajednica Grada Slatine sa svojim DVD-ima obilje\u017eila Dan vatrogasaca i blagdan svog za\u0161titnika, sv. Florijana<\/a><\/h4><p class=\"o-posts-grid-post-meta\">Posted on <time datetime=\"2023-05-04T17:20:09+02:00\">4. svibnja 2023.<\/time> by <a href=\"https:\/\/www.jvp-grada-slatine.hr\/?author=1\">jvp_slatina<\/a><\/p><div class=\"o-posts-grid-post-description\"><p>U organizaciji Vatrogasne zajednice Grada Slatine ove su godine dobrovoljna vatrogasna dru\u0161tva sa sl\u2026<\/p><\/div><\/div><\/div><\/div><\/div> <\/div><\/div>\n<\/div><\/section>\n<\/div>\n<\/div><\/section>\n\n\n\n<section id=\"wp-block-themeisle-blocks-advanced-columns-e4373a2b\" class=\"wp-block-themeisle-blocks-advanced-columns alignfull has-1-columns has-desktop-equal-layout has-tablet-equal-layout has-mobile-equal-layout has-vertical-flex-start has-dark-bg\"><div class=\"wp-block-themeisle-blocks-advanced-columns-overlay\"><\/div><div class=\"innerblocks-wrap\">\n<div id=\"wp-block-themeisle-blocks-advanced-column-0b9db5af\" class=\"wp-block-themeisle-blocks-advanced-column\">\n<section id=\"wp-block-themeisle-blocks-advanced-columns-62d68e08\" class=\"wp-block-themeisle-blocks-advanced-columns has-1-columns has-desktop-equal-layout has-tablet-equal-layout has-mobile-equal-layout has-vertical-flex-start\"><div class=\"wp-block-themeisle-blocks-advanced-columns-overlay\"><\/div><div class=\"innerblocks-wrap\">\n<div id=\"wp-block-themeisle-blocks-advanced-column-ba020b38\" class=\"wp-block-themeisle-blocks-advanced-column\">\n<h2 id=\"wp-block-themeisle-blocks-advanced-heading-6d6c2f48\" class=\"wp-block-themeisle-blocks-advanced-heading wp-block-themeisle-blocks-advanced-heading-6d6c2f48\">Va\u017eniji telefonski brojevi<\/h2>\n<\/div>\n<\/div><\/section>\n\n\n\n<section id=\"wp-block-themeisle-blocks-advanced-columns-6fc7adce\" class=\"wp-block-themeisle-blocks-advanced-columns has-3-columns has-desktop-equal-layout has-tablet-equal-layout has-mobile-collapsedRows-layout has-vertical-center\"><div class=\"wp-block-themeisle-blocks-advanced-columns-overlay\"><\/div><div class=\"innerblocks-wrap\">\n<div id=\"wp-block-themeisle-blocks-advanced-column-25e97a9a\" class=\"wp-block-themeisle-blocks-advanced-column\">\n<h4 id=\"wp-block-themeisle-blocks-advanced-heading-a5f28f8f\" class=\"wp-block-themeisle-blocks-advanced-heading wp-block-themeisle-blocks-advanced-heading-a5f28f8f\">Policija<\/h4>\n\n\n\n<h3 id=\"wp-block-themeisle-blocks-advanced-heading-72a9f7c8\" class=\"wp-block-themeisle-blocks-advanced-heading wp-block-themeisle-blocks-advanced-heading-72a9f7c8\">192<\/h3>\n\n\n\n<div id=\"wp-block-themeisle-blocks-font-awesome-icons-d5c7d449\" class=\"wp-block-themeisle-blocks-font-awesome-icons\"><span class=\"wp-block-themeisle-blocks-font-awesome-icons-container\"><i class=\"fas fa-taxi\"><\/i><\/span><\/div>\n<\/div>\n\n\n\n<div id=\"wp-block-themeisle-blocks-advanced-column-b5b3ad1c\" class=\"wp-block-themeisle-blocks-advanced-column\">\n<h4 id=\"wp-block-themeisle-blocks-advanced-heading-7b136259\" class=\"wp-block-themeisle-blocks-advanced-heading wp-block-themeisle-blocks-advanced-heading-7b136259\">Vatrogasci<\/h4>\n\n\n\n<h3 id=\"wp-block-themeisle-blocks-advanced-heading-067b6e63\" class=\"wp-block-themeisle-blocks-advanced-heading wp-block-themeisle-blocks-advanced-heading-067b6e63\">193<\/h3>\n\n\n\n<div id=\"wp-block-themeisle-blocks-font-awesome-icons-71995a22\" class=\"wp-block-themeisle-blocks-font-awesome-icons\"><span class=\"wp-block-themeisle-blocks-font-awesome-icons-container\"><i class=\"fas fa-burn\"><\/i><\/span><\/div>\n<\/div>\n\n\n\n<div id=\"wp-block-themeisle-blocks-advanced-column-6be03cf4\" class=\"wp-block-themeisle-blocks-advanced-column\">\n<h4 id=\"wp-block-themeisle-blocks-advanced-heading-605234e9\" class=\"wp-block-themeisle-blocks-advanced-heading wp-block-themeisle-blocks-advanced-heading-605234e9\">Hitna pomo\u0107<\/h4>\n\n\n\n<h3 id=\"wp-block-themeisle-blocks-advanced-heading-57826d4c\" class=\"wp-block-themeisle-blocks-advanced-heading wp-block-themeisle-blocks-advanced-heading-57826d4c\">194<\/h3>\n\n\n\n<div id=\"wp-block-themeisle-blocks-font-awesome-icons-52fbd165\" class=\"wp-block-themeisle-blocks-font-awesome-icons\"><span class=\"wp-block-themeisle-blocks-font-awesome-icons-container\"><i class=\"fas fa-ambulance\"><\/i><\/span><\/div>\n<\/div>\n<\/div><\/section>\n<\/div>\n<\/div><\/section>\n\n\n\n<div id=\"wp-block-themeisle-blocks-advanced-columns-75db96d0\" class=\"wp-block-themeisle-blocks-advanced-columns alignwide has-1-columns has-desktop-equal-layout has-tablet-equal-layout has-mobile-equal-layout has-vertical-unset ticss-8b000656\"><div class=\"wp-block-themeisle-blocks-advanced-columns-overlay\"><\/div><div class=\"innerblocks-wrap\">\n<div id=\"wp-block-themeisle-blocks-advanced-column-7f2a638d\" class=\"wp-block-themeisle-blocks-advanced-column ticss-91fe14b7\">\n<div class=\"wp-block-media-text alignwide has-media-on-the-right is-stacked-on-mobile\"><div class=\"wp-block-media-text__content\">\n<h3 class=\"wp-block-heading has-text-align-left\"><strong>Kada i kako nazvati Vatrogasce na broj 193?<\/strong><\/h3>\n\n\n\n<p>Po\u017ear, eksploziju, prometnu nesre\u0107u, osobe zarobljene u dizalu, akcident s opasnim tvarima i sli\u010dno dojavite na sljede\u0107i na\u010din:<\/p>\n\n\n\n<ol class=\"wp-block-list\">\n<li>Nazovite broj 193.<\/li>\n\n\n\n<li>Opi\u0161ite doga\u0111aj (npr. ima li plina,oru\u017eja u zgradi i sl.) i da li su ljudi u opasnosti.<\/li>\n\n\n\n<li>Navedite to\u010dnu adresu doga\u0111aja.<\/li>\n\n\n\n<li>Dajte osobne podatke (ime i prezime), broj telefona s kojeg zovete.<\/li>\n\n\n\n<li>Prozore i vrata dr\u017eati zatvorene uz zapaljenu prostoriju,kako bi se sprije\u010dilo \u0161irenje dima i vatre.<\/li>\n\n\n\n<li>Obavijestiti ostale stanare,bespomo\u0107ne i sebe osobno osigurati.<\/li>\n\n\n\n<li>Ne koristiti liftove.<\/li>\n\n\n\n<li>Do\u010dekati vatrogasce pokazati im prolaze.<\/li>\n\n\n\n<li>Protiv po\u017eara se boriti jedino ako se osobno nalazite u opasnosti.<\/li>\n<\/ol>\n<\/div><figure class=\"wp-block-media-text__media\"><img loading=\"lazy\" decoding=\"async\" width=\"1024\" height=\"576\" src=\"https:\/\/www.jvp-grada-slatine.hr\/wp-content\/uploads\/2021\/05\/20170917_083145-1024x576.jpeg\" alt=\"\" class=\"wp-image-535 size-full\" srcset=\"https:\/\/www.jvp-grada-slatine.hr\/wp-content\/uploads\/2021\/05\/20170917_083145-1024x576.jpeg 1024w, https:\/\/www.jvp-grada-slatine.hr\/wp-content\/uploads\/2021\/05\/20170917_083145-300x169.jpeg 300w, https:\/\/www.jvp-grada-slatine.hr\/wp-content\/uploads\/2021\/05\/20170917_083145-768x432.jpeg 768w, https:\/\/www.jvp-grada-slatine.hr\/wp-content\/uploads\/2021\/05\/20170917_083145-1536x864.jpeg 1536w, https:\/\/www.jvp-grada-slatine.hr\/wp-content\/uploads\/2021\/05\/20170917_083145-2048x1152.jpeg 2048w\" sizes=\"(max-width: 1024px) 100vw, 1024px\" \/><\/figure><\/div>\n\n\n\n<hr class=\"wp-block-separator has-text-color has-text-color-color has-css-opacity has-text-color-background-color has-background is-style-wide\"\/>\n\n\n\n<div class=\"wp-block-media-text alignwide is-stacked-on-mobile\"><figure class=\"wp-block-media-text__media\"><img loading=\"lazy\" decoding=\"async\" width=\"1024\" height=\"768\" src=\"https:\/\/www.jvp-grada-slatine.hr\/wp-content\/uploads\/2021\/05\/IMG_6190-1024x768.jpg\" alt=\"\" class=\"wp-image-845 size-full\" srcset=\"https:\/\/www.jvp-grada-slatine.hr\/wp-content\/uploads\/2021\/05\/IMG_6190-1024x768.jpg 1024w, https:\/\/www.jvp-grada-slatine.hr\/wp-content\/uploads\/2021\/05\/IMG_6190-300x225.jpg 300w, https:\/\/www.jvp-grada-slatine.hr\/wp-content\/uploads\/2021\/05\/IMG_6190-768x576.jpg 768w, https:\/\/www.jvp-grada-slatine.hr\/wp-content\/uploads\/2021\/05\/IMG_6190-1536x1152.jpg 1536w, https:\/\/www.jvp-grada-slatine.hr\/wp-content\/uploads\/2021\/05\/IMG_6190.jpg 1600w\" sizes=\"(max-width: 1024px) 100vw, 1024px\" \/><\/figure><div class=\"wp-block-media-text__content\">\n<h3 class=\"wp-block-heading has-text-align-left\"><strong>Po\u017ear automobila &#8211; \u0161to napraviti?<\/strong><\/h3>\n\n\n\n<ol class=\"wp-block-list\">\n<li>Zaustavite vozilo, zaustavite rad motora<\/li>\n\n\n\n<li>Pa\u017eljivo podi\u017eite haubu (ako morate)<\/li>\n\n\n\n<li>Gasite aparatom za ga\u0161enje prahom ili halonom ako ga imate<\/li>\n\n\n\n<li>Odvojite kleme akumulatora, ukoliko je mogu\u0107e<\/li>\n<\/ol>\n<\/div><\/div>\n\n\n\n<hr class=\"wp-block-separator has-text-color has-text-color-color has-css-opacity has-text-color-background-color has-background is-style-wide\"\/>\n\n\n\n<div class=\"wp-block-media-text alignwide has-media-on-the-right is-stacked-on-mobile\"><div class=\"wp-block-media-text__content\">\n<h3 class=\"wp-block-heading has-text-align-left\"><strong>Po\u017ear \u010da\u0111e u dimnjaku &#8211; \u0161to napraviti?<\/strong><\/h3>\n\n\n\n<p>Uslijed neredovitog \u010di\u0161\u0107enja dimovodnog kanala talo\u017ei se \u010da\u0111a na stijenke dimnjaka i \u010da\u0111a se mo\u017ee zapaliti. Ukoliko dimnjaci nisu pravilno i kvalitetno izgra\u0111eni i o\u017ebukani, po\u017ear se mo\u017ee prenijeti na drvenu konstrukciju krovi\u0161ta objekta.<\/p>\n\n\n\n<ol class=\"wp-block-list\">\n<li>Ne ubacujte ni\u0161ta u dimnjak. Gasiti vodom smijete samo okolni gorivi materijal, ne ulijevajte vodu u dimnjak jer bi do\u0161lo do eksplozije vodene pare, ili pucanja stijenki.<\/li>\n\n\n\n<li>Kada \u010da\u0111a izgori i dimnjak se ohladi, mo\u017ee se obaviti \u010di\u0161\u0107enje.<\/li>\n<\/ol>\n<\/div><figure class=\"wp-block-media-text__media\"><img loading=\"lazy\" decoding=\"async\" width=\"1024\" height=\"682\" src=\"https:\/\/www.jvp-grada-slatine.hr\/wp-content\/uploads\/2021\/05\/IMG_8553-1024x682.jpeg\" alt=\"\" class=\"wp-image-537 size-full\" srcset=\"https:\/\/www.jvp-grada-slatine.hr\/wp-content\/uploads\/2021\/05\/IMG_8553-1024x682.jpeg 1024w, https:\/\/www.jvp-grada-slatine.hr\/wp-content\/uploads\/2021\/05\/IMG_8553-300x200.jpeg 300w, https:\/\/www.jvp-grada-slatine.hr\/wp-content\/uploads\/2021\/05\/IMG_8553-768x512.jpeg 768w, https:\/\/www.jvp-grada-slatine.hr\/wp-content\/uploads\/2021\/05\/IMG_8553-1536x1023.jpeg 1536w, https:\/\/www.jvp-grada-slatine.hr\/wp-content\/uploads\/2021\/05\/IMG_8553-930x620.jpeg 930w, https:\/\/www.jvp-grada-slatine.hr\/wp-content\/uploads\/2021\/05\/IMG_8553.jpeg 1600w\" sizes=\"(max-width: 1024px) 100vw, 1024px\" \/><\/figure><\/div>\n\n\n\n<hr class=\"wp-block-separator has-text-color has-text-color-color has-css-opacity has-text-color-background-color has-background is-style-wide\"\/>\n\n\n\n<div class=\"wp-block-media-text alignwide is-stacked-on-mobile\"><figure class=\"wp-block-media-text__media\"><img loading=\"lazy\" decoding=\"async\" width=\"400\" height=\"245\" src=\"https:\/\/www.jvp-grada-slatine.hr\/wp-content\/uploads\/2021\/05\/110321-slatina-4.jpeg\" alt=\"\" class=\"wp-image-534 size-full\" srcset=\"https:\/\/www.jvp-grada-slatine.hr\/wp-content\/uploads\/2021\/05\/110321-slatina-4.jpeg 400w, https:\/\/www.jvp-grada-slatine.hr\/wp-content\/uploads\/2021\/05\/110321-slatina-4-300x184.jpeg 300w\" sizes=\"(max-width: 400px) 100vw, 400px\" \/><\/figure><div class=\"wp-block-media-text__content\">\n<h3 class=\"wp-block-heading has-text-align-left\"><strong><strong>Va\u017eni savjeti!<\/strong><\/strong><\/h3>\n\n\n\n<ol class=\"wp-block-list\">\n<li>Pou\u010dite djecu o po\u017earima, i kako pozvati 193<\/li>\n\n\n\n<li>Redovito \u010distite dimovodne kanale i kontrolirajte plinske i elektri\u010dne instalacije<\/li>\n\n\n\n<li>Ne \u010duvajte zapaljive teku\u0107ine i eksplozivna sredstava na tavanu i podrumu<\/li>\n\n\n\n<li>Ne ostavljajte bez nadzora uklju\u010dene kuhinjske ure\u0111aje<\/li>\n\n\n\n<li>Osigurajte pristup zgradama vatrogasnim vozilima i puteve za evakuaciju<\/li>\n\n\n\n<li>Spa\u0161avanje osoba ima prednost pred ga\u0161enjem<\/li>\n\n\n\n<li>Izbjegavajte dim, izlaganjem dimu gubite svijest<\/li>\n\n\n\n<li>Gasite iz udaljenosti od oko 5 metara<\/li>\n\n\n\n<li>Kod po\u017eara ne otvarajte naglo vrata, dr\u017eite se \u0161to ni\u017ee podu, tj. u sagnutom polo\u017eaju<\/li>\n\n\n\n<li>Na otvorenom prostoru gasite niz vjetar<\/li>\n<\/ol>\n<\/div><\/div>\n\n\n\n<hr class=\"wp-block-separator has-text-color has-text-color-color has-css-opacity has-text-color-background-color has-background is-style-wide\"\/>\n\n\n\n<div id=\"wp-block-themeisle-blocks-advanced-columns-0bc13f61\" class=\"wp-block-themeisle-blocks-advanced-columns has-1-columns has-desktop-equal-layout has-tablet-equal-layout has-mobile-equal-layout has-vertical-unset has-default-gap\"><div class=\"wp-block-themeisle-blocks-advanced-columns-overlay\"><\/div><div class=\"innerblocks-wrap\">\n<div id=\"wp-block-themeisle-blocks-advanced-column-689cbdd7\" class=\"wp-block-themeisle-blocks-advanced-column\">\n<h3 class=\"wp-block-heading has-text-align-left\">Glavne opasnosti<\/h3>\n\n\n\n<p><strong>1. Pregrijavanje ulja pri pr\u017eenju u tavi i sli\u010dnim posudama<\/strong><\/p>\n\n\n\n<p>Posebno je opasno ako nije dodana namirnica koja se pr\u017ei. Ulje se zagrijava i sve vi\u0161e isparava, pare se koncentriraju i spu\u0161taju do plamenika gdje dolazi do paljenja nakon kojega se cijeli sadr\u017eaj mo\u017ee trenutno zapaliti. Ulje ili mast tada je na visokoj temperaturi pa je vrlo opasno sadr\u017eaj politi vodom. Ukoliko vreli sadr\u017eaj do\u0111e u kontakt s ko\u017eom, nastaju te\u0161ke opekline. U dodiru s vodom ulje \u0107e prskati i nanijeti vam te\u0161ke opekline! Savjet: Ne ostavljajte proces pr\u017eenja bez nadzora. U slu\u010daju po\u017eara odmah isklju\u010dite plemenik ili struju za grija\u0107u plo\u010du. Za\u0161titite ruku od topline i poklopite tavu poklopcem kako biste ugu\u0161ili po\u017ear (ako ocijenite da to mo\u017eete izvesti sigurno), otvorite vrata i prozore kako bi se kuhinja prozra\u010dila od \u0161tetnih para; ako to ne mo\u017eete izvesti sigurno ili niste uspjeli \u2013 pozovite vatrogasce.<\/p>\n\n\n\n<p><strong>2. Ostavljanje hrane pri kuhanju i pe\u010denju u pe\u0107nici bez nadzora<\/strong><\/p>\n\n\n\n<p>Ako se hrana pri kuhanju ili pe\u010denju u pe\u0107nici ostavi bez nadzora (zaboravi), s vremenom ispari cjelokupni sadr\u017eaj vode iz posude i namirnice, nakon \u010dega dolazi do povi\u0161enja temperature u namirnici, njezine degradacije i zapaljenja. Savjet: Ne ostavljajte proces kuhanja ili pe\u010denja hrane bez nadzora; u slu\u010daju po\u017eara isklju\u010dite plin i struju; pogasite po\u017ear aparatom za ga\u0161enje po\u017eara ili drugim namjenskim sredstvom (ako ocijenite da to mo\u017eete izvesti sigurno), otvorite vrata i prozore kako bi se kuhinja prozra\u010dila od \u0161tetnih para; pozovite vatrogasce.<\/p>\n\n\n\n<p><strong>3. Zapaljenje zama\u0161\u0107enih napa i odvoda pare<\/strong><\/p>\n\n\n\n<p>Masno\u0107e koje isparuju tijekom kuhanja kondenziraju se na napi i odvodnim kanalima pare. S vremenom, uslijed pregrijavanja, mogu\u0107e je zapaljenje ovih masno\u0107a. Savjet: Odr\u017eavajte napu, a povr\u0161ine redovito o\u010distite od masno\u0107a; u slu\u010daju po\u017eara isklju\u010dite plin i struju; pogasite po\u017ear aparatom za ga\u0161enje po\u017eara ili drugim namjenskim sredstvom (ako ocijenite da to mo\u017eete izvesti sigurno), otvorite vrata i prozore kako bi se kuhinja prozra\u010dila od \u0161tetnih para; pozovite vatrogasce.<\/p>\n<\/div>\n<\/div><\/div>\n<\/div>\n<\/div><\/div>\n\n\n\n<div style=\"height:100px\" aria-hidden=\"true\" class=\"wp-block-spacer\"><\/div>\n","protected":false},"excerpt":{"rendered":"","protected":false},"author":1,"featured_media":0,"parent":0,"menu_order":0,"comment_status":"closed","ping_status":"closed","template":"page-templates\/template-pagebuilder-full-width.php","meta":{"neve_meta_sidebar":"full-width","neve_meta_container":"","neve_meta_enable_content_width":"on","neve_meta_content_width":100,"neve_meta_title_alignment":"","neve_meta_author_avatar":"","neve_post_elements_order":"","neve_meta_disable_header":"","neve_meta_disable_footer":"","neve_meta_disable_title":"","_themeisle_gutenberg_block_has_review":false,"footnotes":""},"class_list":["post-129","page","type-page","status-publish","hentry"],"_links":{"self":[{"href":"https:\/\/www.jvp-grada-slatine.hr\/index.php?rest_route=\/wp\/v2\/pages\/129","targetHints":{"allow":["GET"]}}],"collection":[{"href":"https:\/\/www.jvp-grada-slatine.hr\/index.php?rest_route=\/wp\/v2\/pages"}],"about":[{"href":"https:\/\/www.jvp-grada-slatine.hr\/index.php?rest_route=\/wp\/v2\/types\/page"}],"author":[{"embeddable":true,"href":"https:\/\/www.jvp-grada-slatine.hr\/index.php?rest_route=\/wp\/v2\/users\/1"}],"replies":[{"embeddable":true,"href":"https:\/\/www.jvp-grada-slatine.hr\/index.php?rest_route=%2Fwp%2Fv2%2Fcomments&post=129"}],"version-history":[{"count":122,"href":"https:\/\/www.jvp-grada-slatine.hr\/index.php?rest_route=\/wp\/v2\/pages\/129\/revisions"}],"predecessor-version":[{"id":1154,"href":"https:\/\/www.jvp-grada-slatine.hr\/index.php?rest_route=\/wp\/v2\/pages\/129\/revisions\/1154"}],"wp:attachment":[{"href":"https:\/\/www.jvp-grada-slatine.hr\/index.php?rest_route=%2Fwp%2Fv2%2Fmedia&parent=129"}],"curies":[{"name":"wp","href":"https:\/\/api.w.org\/{rel}","templated":true}]}}